{"id":428,"date":"2023-03-13T00:45:17","date_gmt":"2023-03-12T21:45:17","guid":{"rendered":"https:\/\/m-arc.org\/en\/?page_id=428"},"modified":"2023-09-12T20:10:31","modified_gmt":"2023-09-12T17:10:31","slug":"impressum","status":"publish","type":"page","link":"https:\/\/m-arc.org\/de\/impressum\/","title":{"rendered":"Impressum"},"content":{"rendered":"<div class=\"pdfprnt-buttons pdfprnt-buttons-page pdfprnt-top-right\"><a href=\"https:\/\/m-arc.org\/de\/wp-json\/wp\/v2\/pages\/428?print=pdf\" class=\"pdfprnt-button pdfprnt-button-pdf\" target=\"_blank\" ><img decoding=\"async\" src=\"https:\/\/m-arc.org\/wp-content\/plugins\/pdf-print\/images\/pdf.png\" alt=\"image_pdf\" title=\"PDF anzeigen\" \/><\/a><a href=\"https:\/\/m-arc.org\/de\/wp-json\/wp\/v2\/pages\/428?print=print\" class=\"pdfprnt-button pdfprnt-button-print\" target=\"_blank\" ><img decoding=\"async\" src=\"https:\/\/m-arc.org\/wp-content\/plugins\/pdf-print\/images\/print.png\" alt=\"image_print\" title=\"Inhalt drucken\" \/><\/a><\/div><p>Angaben gem\u00e4\u00df \u00a7 5 TMG<\/p>\n<p>&nbsp;<\/p>\n<p><strong>Stichting International Forum Man and Architecture<\/strong><\/p>\n<p>Drieklinken 71<\/p>\n<p>3972 EC Driebergen<\/p>\n<p>Nederland<\/p>\n<p>Telefon: +31 (343) 758300<\/p>\n<p>E-Mail: info@m-arc.org<\/p>\n<p>&nbsp;<\/p>\n<p>&nbsp;<\/p>\n<p><strong>Vertreter \/ Vorstand<\/strong><\/p>\n<p>Prof. Luigi Fiumara, Dipl. Architekt SIA, Italien \/ Ukraine (Vorsitzender)<\/p>\n<p>Prof. Pieter van der Ree, Niederland (Schatzmeister)<\/p>\n<p>Dipl. Ing. Martin Riker, Deutschland (Sekret\u00e4r)<\/p>\n<p>Dipl. Ing. Dag Erik Christoffer Amundin, Schweden (Vorstandsmitglied)<\/p>\n<p>Dipl. Ing. Imme Denker, Deutschland (Vorstandsmitglied)<\/p>\n<p>Dipl. Ing. Rudolf Eschelbacher, Frankreich (Vorstandsmitglied)<\/p>\n<p>Lothar-Manuel Haasis, Architekt RIBA, Vereinigtes K\u00f6nigsreich (Vorstandsmitglied)<\/p>\n<p><strong>&nbsp;<\/strong><\/p>\n<p><strong>Registereintrag<\/strong><\/p>\n<p>Handelskammer \/ Kamer van Koophandel&nbsp; Nr. 41210798 (Niederlande)<\/p>\n<p>&nbsp;<\/p>\n<p><strong>Kontoverbindung f\u00fcr Spenden<\/strong><\/p>\n<p>IBAN: NL83 INGB 0698 4615 76<\/p>\n<p>&nbsp;<\/p>\n<p><strong>Webmaster<\/strong><\/p>\n<p>Web Factor &#8211; wf.ua<\/p>\n<p>&nbsp;<\/p>\n<p><strong>Redaktion online magazin m+a <\/strong><\/p>\n<p>Dipl-Ing. Norman Schinke<br \/>\nDipl-Ing. Thomas Rad\u00fcnz<br \/>\nProf. Luigi Fiumara, Arch. SIA<br \/>\nDipl-Ing.in Imme Denker<\/p>\n<p>E-Mail: magazine@m-arc.org<\/p>\n<p><strong>Haftungsausschluss:<\/strong><\/p>\n<p>Alle Texte, Grafiken und Bilder auf m-arc.org unterliegen dem Copyright des Inhabers und sind eventuell durch Dritte zus\u00e4tzlich urheberrechtlich gesch\u00fctzt; die Rechte an Markennamen und\/oder Logos unterliegen dem Copyright des jeweiligen Rechteinhabers. Kein Teil dieser Publikation darf ohne schriftliche Genehmigung des Inhabers in irgendeiner Form reproduziert, vervielf\u00e4ltigt oder verbreitet werden. Eine Haftung f\u00fcr die Richtigkeit der Inhalte auf M-arc.org kann trotz sorgf\u00e4ltiger Pr\u00fcfung nicht \u00fcbernommen werden. Der Inhaber \u00fcbernimmt keine Haftung f\u00fcr die Datensicherheit, der \u00fcber die Website oder per E-Mail eingesandten Informationen jeglicher Art. Ferner ist der Inhaber nicht verantwortlich f\u00fcr Seiten, auf die durch Hyperlinks verwiesen wird.<\/p>\n<p>&nbsp;<\/p>\n<p>Die Europ\u00e4ische Kommission stellt eine Plattform zur Online-Streitbeilegung (OS) bereit:<\/p>\n<p><a href=\"https:\/\/ec.europa.eu\/consumers\/odr\/\">https:\/\/ec.europa.eu\/consumers\/odr\/<\/a>. Unsere E-Mail-Adresse finden Sie oben im Impressum.<\/p>\n<p>Verbraucherstreitbeilegung\/Universalschlichtungsstelle. Wir sind nicht bereit oder verpflichtet, an Streitbeilegungsverfahren vor einer Verbraucherschlichtungsstelle teilzunehmen.<\/p>\n","protected":false},"excerpt":{"rendered":"<p>Angaben gem\u00e4\u00df \u00a7 5 TMG &nbsp; Stichting International Forum Man and Architecture Drieklinken 71 3972 EC Driebergen Nederland Telefon: +31 (343) 758300 E-Mail: info@m-arc.org &nbsp; &nbsp; Vertreter \/ Vorstand Prof. Luigi Fiumara, Dipl. Architekt SIA, Italien \/ Ukraine (Vorsitzender) Prof. Pieter van der Ree, Niederland (Schatzmeister) Dipl. Ing. Martin Riker, Deutschland (Sekret\u00e4r) Dipl. Ing. Dag [&hellip;]<\/p>\n","protected":false},"author":5,"featured_media":0,"parent":0,"menu_order":0,"comment_status":"closed","ping_status":"closed","template":"","meta":{"footnotes":""},"class_list":["post-428","page","type-page","status-publish","hentry"],"_links":{"self":[{"href":"https:\/\/m-arc.org\/de\/wp-json\/wp\/v2\/pages\/428","targetHints":{"allow":["GET"]}}],"collection":[{"href":"https:\/\/m-arc.org\/de\/wp-json\/wp\/v2\/pages"}],"about":[{"href":"https:\/\/m-arc.org\/de\/wp-json\/wp\/v2\/types\/page"}],"author":[{"embeddable":true,"href":"https:\/\/m-arc.org\/de\/wp-json\/wp\/v2\/users\/5"}],"replies":[{"embeddable":true,"href":"https:\/\/m-arc.org\/de\/wp-json\/wp\/v2\/comments?post=428"}],"version-history":[{"count":16,"href":"https:\/\/m-arc.org\/de\/wp-json\/wp\/v2\/pages\/428\/revisions"}],"predecessor-version":[{"id":643,"href":"https:\/\/m-arc.org\/de\/wp-json\/wp\/v2\/pages\/428\/revisions\/643"}],"wp:attachment":[{"href":"https:\/\/m-arc.org\/de\/wp-json\/wp\/v2\/media?parent=428"}],"curies":[{"name":"wp","href":"https:\/\/api.w.org\/{rel}","templated":true}]}}