{"id":434,"date":"2023-03-13T00:53:42","date_gmt":"2023-03-12T21:53:42","guid":{"rendered":"https:\/\/m-arc.org\/en\/?page_id=434"},"modified":"2023-08-01T10:26:48","modified_gmt":"2023-08-01T07:26:48","slug":"donations","status":"publish","type":"page","link":"https:\/\/m-arc.org\/de\/spenden\/","title":{"rendered":"Spenden"},"content":{"rendered":"<div class=\"pdfprnt-buttons pdfprnt-buttons-page pdfprnt-top-right\"><a href=\"https:\/\/m-arc.org\/de\/wp-json\/wp\/v2\/pages\/434?print=pdf\" class=\"pdfprnt-button pdfprnt-button-pdf\" target=\"_blank\"><img decoding=\"async\" src=\"https:\/\/m-arc.org\/wp-content\/plugins\/pdf-print\/images\/pdf.png\" alt=\"image_pdf\" title=\"PDF anzeigen\" \/><\/a><a href=\"https:\/\/m-arc.org\/de\/wp-json\/wp\/v2\/pages\/434?print=print\" class=\"pdfprnt-button pdfprnt-button-print\" target=\"_blank\"><img decoding=\"async\" src=\"https:\/\/m-arc.org\/wp-content\/plugins\/pdf-print\/images\/print.png\" alt=\"image_print\" title=\"Inhalt drucken\" \/><\/a><\/div><p>Die Zeitschrift und die Webseite entstehen in ehrenamtlicher Arbeit, deshalb freuen wir uns auf Spenden, F\u00f6rderungen und Unterst\u00fctzung.<\/p>\n<p>&nbsp;<\/p>\n<p><strong>Bankverbindung f\u00fcr Spenden<br \/>\n<\/strong><\/p>\n<p><strong>Stichting International Forum Man and Architecture<br \/>\n<\/strong><\/p>\n<p>Drieklinken 71<\/p>\n<p>3972 EC Driebergen<\/p>\n<p>Nederland<\/p>\n<p>IBAN: NL83 INGB 0698 4615 76<\/p>\n","protected":false},"excerpt":{"rendered":"<p>Die Zeitschrift und die Webseite entstehen in ehrenamtlicher Arbeit, deshalb freuen wir uns auf Spenden, F\u00f6rderungen und Unterst\u00fctzung. &nbsp; Bankverbindung f\u00fcr Spenden Stichting International Forum Man and Architecture Drieklinken 71 3972 EC Driebergen Nederland IBAN: NL83 INGB 0698 4615 76<\/p>\n","protected":false},"author":3,"featured_media":0,"parent":0,"menu_order":0,"comment_status":"closed","ping_status":"closed","template":"","meta":{"footnotes":""},"class_list":["post-434","page","type-page","status-publish","hentry"],"_links":{"self":[{"href":"https:\/\/m-arc.org\/de\/wp-json\/wp\/v2\/pages\/434","targetHints":{"allow":["GET"]}}],"collection":[{"href":"https:\/\/m-arc.org\/de\/wp-json\/wp\/v2\/pages"}],"about":[{"href":"https:\/\/m-arc.org\/de\/wp-json\/wp\/v2\/types\/page"}],"author":[{"embeddable":true,"href":"https:\/\/m-arc.org\/de\/wp-json\/wp\/v2\/users\/3"}],"replies":[{"embeddable":true,"href":"https:\/\/m-arc.org\/de\/wp-json\/wp\/v2\/comments?post=434"}],"version-history":[{"count":8,"href":"https:\/\/m-arc.org\/de\/wp-json\/wp\/v2\/pages\/434\/revisions"}],"predecessor-version":[{"id":638,"href":"https:\/\/m-arc.org\/de\/wp-json\/wp\/v2\/pages\/434\/revisions\/638"}],"wp:attachment":[{"href":"https:\/\/m-arc.org\/de\/wp-json\/wp\/v2\/media?parent=434"}],"curies":[{"name":"wp","href":"https:\/\/api.w.org\/{rel}","templated":true}]}}