{"id":66,"date":"2022-06-21T21:29:45","date_gmt":"2022-06-21T18:29:45","guid":{"rendered":"http:\/\/m-arc.org\/?page_id=66"},"modified":"2023-09-12T19:54:56","modified_gmt":"2023-09-12T16:54:56","slug":"ifma","status":"publish","type":"page","link":"https:\/\/m-arc.org\/de\/","title":{"rendered":"IFMA"},"content":{"rendered":"<div class=\"pdfprnt-buttons pdfprnt-buttons-page pdfprnt-top-right\"><a href=\"https:\/\/m-arc.org\/de\/wp-json\/wp\/v2\/pages\/66?print=pdf\" class=\"pdfprnt-button pdfprnt-button-pdf\" target=\"_blank\"><img decoding=\"async\" src=\"https:\/\/m-arc.org\/wp-content\/plugins\/pdf-print\/images\/pdf.png\" alt=\"image_pdf\" title=\"PDF anzeigen\" \/><\/a><a href=\"https:\/\/m-arc.org\/de\/wp-json\/wp\/v2\/pages\/66?print=print\" class=\"pdfprnt-button pdfprnt-button-print\" target=\"_blank\"><img decoding=\"async\" src=\"https:\/\/m-arc.org\/wp-content\/plugins\/pdf-print\/images\/print.png\" alt=\"image_print\" title=\"Inhalt drucken\" \/><\/a><\/div><h3>Was ist IFMA?<\/h3>\n<p>Das &#8222;Internationale Forum Mensch und Architektur&#8220; (IFMA) wurde auf Initiative eines Vorstandsmitgliedes der I.N.G.-Bank in Amsterdam 1991 in Holland als Stiftung, in anderen L\u00e4ndern als e.V. gegr\u00fcndet.<\/p>\n<p>Ziel ist die \u00bborganische\u00ab Gestaltung von Umwelten, die umfassend den vielf\u00e4ltigen Bed\u00fcrfnissen der Menschen dienen. Dabei sollten \u2013 \u00fcber die materielle Funktionserf\u00fcllung hinaus \u2013 vitale, seelische und geistige Bed\u00fcrfnisse die Gestaltungsarbeit bestimmen, damit Bauten und Objekte die Entwicklung der jeweiligen Menschen und der Gesellschaft f\u00f6rdern.<\/p>\n<p>Das IFMA definiert dabei keine Inhalte, Stile oder Gestaltungselemente, sondern versteht<br \/>\nsich als ein offenes Forum, welches<\/p>\n<ul>\n<li>Forschungsarbeiten zur Schaffung und Beurteilung organischer Objekte und Bauten anregt, wahrnimmt und kommuniziert,<\/li>\n<li>Gespr\u00e4che zwischen Architekten, Designern, K\u00fcnstlern und Nutzern erm\u00f6glicht,<\/li>\n<li>Tagungen und Seminare zum offenen Austausch von Erkenntnissen und Erfahrungen anbietet,<\/li>\n<li>Ausstellungen und sonstige Veranstaltungen zur Information der \u00d6ffentlichkeit durchf\u00fchrt,<\/li>\n<li>und dabei die Kooperation mit Schulen, Hochschulen Verb\u00e4nden u.a. Institutionen anstrebt.<\/li>\n<\/ul>\n<p>Die Mitgliedschaft des IFMA steht allen Menschen offen, die an einer ganzheitlich- menschlichen Gestaltung der Umwelt interessiert sind.<\/p>\n","protected":false},"excerpt":{"rendered":"<p>Was ist IFMA? Das &#8222;Internationale Forum Mensch und Architektur&#8220; (IFMA) wurde auf Initiative eines Vorstandsmitgliedes der I.N.G.-Bank in Amsterdam 1991 in Holland als Stiftung, in anderen L\u00e4ndern als e.V. gegr\u00fcndet. Ziel ist die \u00bborganische\u00ab Gestaltung von Umwelten, die umfassend den vielf\u00e4ltigen Bed\u00fcrfnissen der Menschen dienen. Dabei sollten \u2013 \u00fcber die materielle Funktionserf\u00fcllung hinaus \u2013 vitale, [&hellip;]<\/p>\n","protected":false},"author":1,"featured_media":0,"parent":0,"menu_order":0,"comment_status":"closed","ping_status":"closed","template":"front-page.php","meta":{"footnotes":""},"class_list":["post-66","page","type-page","status-publish","hentry"],"_links":{"self":[{"href":"https:\/\/m-arc.org\/de\/wp-json\/wp\/v2\/pages\/66","targetHints":{"allow":["GET"]}}],"collection":[{"href":"https:\/\/m-arc.org\/de\/wp-json\/wp\/v2\/pages"}],"about":[{"href":"https:\/\/m-arc.org\/de\/wp-json\/wp\/v2\/types\/page"}],"author":[{"embeddable":true,"href":"https:\/\/m-arc.org\/de\/wp-json\/wp\/v2\/users\/1"}],"replies":[{"embeddable":true,"href":"https:\/\/m-arc.org\/de\/wp-json\/wp\/v2\/comments?post=66"}],"version-history":[{"count":14,"href":"https:\/\/m-arc.org\/de\/wp-json\/wp\/v2\/pages\/66\/revisions"}],"predecessor-version":[{"id":637,"href":"https:\/\/m-arc.org\/de\/wp-json\/wp\/v2\/pages\/66\/revisions\/637"}],"wp:attachment":[{"href":"https:\/\/m-arc.org\/de\/wp-json\/wp\/v2\/media?parent=66"}],"curies":[{"name":"wp","href":"https:\/\/api.w.org\/{rel}","templated":true}]}}