{"id":76,"date":"2022-06-21T21:34:45","date_gmt":"2022-06-21T18:34:45","guid":{"rendered":"http:\/\/m-arc.org\/?page_id=76"},"modified":"2023-02-22T19:58:00","modified_gmt":"2023-02-22T16:58:00","slug":"france","status":"publish","type":"page","link":"https:\/\/m-arc.org\/de\/france\/","title":{"rendered":"Frankreich"},"content":{"rendered":"<div class=\"pdfprnt-buttons pdfprnt-buttons-page pdfprnt-top-right\"><a href=\"https:\/\/m-arc.org\/de\/wp-json\/wp\/v2\/pages\/76?print=pdf\" class=\"pdfprnt-button pdfprnt-button-pdf\" target=\"_blank\"><img decoding=\"async\" src=\"https:\/\/m-arc.org\/wp-content\/plugins\/pdf-print\/images\/pdf.png\" alt=\"image_pdf\" title=\"PDF anzeigen\" \/><\/a><a href=\"https:\/\/m-arc.org\/de\/wp-json\/wp\/v2\/pages\/76?print=print\" class=\"pdfprnt-button pdfprnt-button-print\" target=\"_blank\"><img decoding=\"async\" src=\"https:\/\/m-arc.org\/wp-content\/plugins\/pdf-print\/images\/print.png\" alt=\"image_print\" title=\"Inhalt drucken\" \/><\/a><\/div><h3>Verein \u201eIFMA-France\u201c<\/h3>\n<p>IFMA-France ist ein gemeinn\u00fctziger Verein nach dem franz\u00f6sischen Gesetz Nummer 1901.<br \/>\nSie wurde 2003 gegr\u00fcndet und gibt seit 2004 eine halbj\u00e4hrlich erscheinende Zeitschrift heraus (Ver\u00f6ffentlichung Ende 2018 eingestellt).<\/p>\n<p>Seine Ziele:<br \/>\nEntwicklung, Forschung, Sensibilisierung und Ausbildung anhand einer organischen Orientierung der Architektur als Beitrag zur nachhaltigen Entwicklung;<br \/>\nSchaffung von Verbindungen auf nationaler und internationaler Ebene rund um eine menschliche und lebendige Vorstellung von Raum- und Umweltkunst.<\/p>\n<p>Der Verein verfolgt seine Ziele, indem er mit allen m\u00f6glichen Mitteln r\u00e4umliche, skulpturale, architektonische und urbane Ans\u00e4tze f\u00f6rdert, die von Mensch und Natur inspiriert sind und aus menschlichen Erkenntnissen, Sozial- und Umweltwissenschaften, ethischen und spirituellen Grundlagen verschiedener Kulturen stammen.<br \/>\nEs bezieht sich insbesondere auf die zeitgen\u00f6ssische Architekturrichtung, die in vielf\u00e4ltiger Weise von William Morris, Louis Sullivan, Antoni Gaud\u00ed, Henry Van de Velde, Hector Guimard, Victor Horta, Hugo H\u00e4ring, Rudolf Steiner, Frank Lloyd Wright, Hans Scharoun, Alvar Aalto, Ton Alberts, Erik Asmussen, Hundertwasser, Reima Pietil\u00e4 und anderen entwickelt wurde.<\/p>\n<p>Kontakt: https:\/\/www.ifma-france.org<\/p>\n","protected":false},"excerpt":{"rendered":"<p>Verein \u201eIFMA-France\u201c IFMA-France ist ein gemeinn\u00fctziger Verein nach dem franz\u00f6sischen Gesetz Nummer 1901. Sie wurde 2003 gegr\u00fcndet und gibt seit 2004 eine halbj\u00e4hrlich erscheinende Zeitschrift heraus (Ver\u00f6ffentlichung Ende 2018 eingestellt). Seine Ziele: Entwicklung, Forschung, Sensibilisierung und Ausbildung anhand einer organischen Orientierung der Architektur als Beitrag zur nachhaltigen Entwicklung; Schaffung von Verbindungen auf nationaler und internationaler [&hellip;]<\/p>\n","protected":false},"author":1,"featured_media":0,"parent":0,"menu_order":4,"comment_status":"closed","ping_status":"closed","template":"front-page.php","meta":{"footnotes":""},"class_list":["post-76","page","type-page","status-publish","hentry"],"_links":{"self":[{"href":"https:\/\/m-arc.org\/de\/wp-json\/wp\/v2\/pages\/76","targetHints":{"allow":["GET"]}}],"collection":[{"href":"https:\/\/m-arc.org\/de\/wp-json\/wp\/v2\/pages"}],"about":[{"href":"https:\/\/m-arc.org\/de\/wp-json\/wp\/v2\/types\/page"}],"author":[{"embeddable":true,"href":"https:\/\/m-arc.org\/de\/wp-json\/wp\/v2\/users\/1"}],"replies":[{"embeddable":true,"href":"https:\/\/m-arc.org\/de\/wp-json\/wp\/v2\/comments?post=76"}],"version-history":[{"count":4,"href":"https:\/\/m-arc.org\/de\/wp-json\/wp\/v2\/pages\/76\/revisions"}],"predecessor-version":[{"id":415,"href":"https:\/\/m-arc.org\/de\/wp-json\/wp\/v2\/pages\/76\/revisions\/415"}],"wp:attachment":[{"href":"https:\/\/m-arc.org\/de\/wp-json\/wp\/v2\/media?parent=76"}],"curies":[{"name":"wp","href":"https:\/\/api.w.org\/{rel}","templated":true}]}}