{"id":78,"date":"2022-06-21T21:35:26","date_gmt":"2022-06-21T18:35:26","guid":{"rendered":"http:\/\/m-arc.org\/?page_id=78"},"modified":"2023-02-22T19:12:58","modified_gmt":"2023-02-22T16:12:58","slug":"italy","status":"publish","type":"page","link":"https:\/\/m-arc.org\/de\/italy\/","title":{"rendered":"Italien"},"content":{"rendered":"<div class=\"pdfprnt-buttons pdfprnt-buttons-page pdfprnt-top-right\"><a href=\"https:\/\/m-arc.org\/de\/wp-json\/wp\/v2\/pages\/78?print=pdf\" class=\"pdfprnt-button pdfprnt-button-pdf\" target=\"_blank\" ><img decoding=\"async\" src=\"https:\/\/m-arc.org\/wp-content\/plugins\/pdf-print\/images\/pdf.png\" alt=\"image_pdf\" title=\"PDF anzeigen\" \/><\/a><a href=\"https:\/\/m-arc.org\/de\/wp-json\/wp\/v2\/pages\/78?print=print\" class=\"pdfprnt-button pdfprnt-button-print\" target=\"_blank\" ><img decoding=\"async\" src=\"https:\/\/m-arc.org\/wp-content\/plugins\/pdf-print\/images\/print.png\" alt=\"image_print\" title=\"Inhalt drucken\" \/><\/a><\/div><h3>Kulturverein \u201eArs Lineandi\u201c<\/h3>\n<p>Der Verein wurde im Juni 2011 in Trento von einigen Freunden gegr\u00fcndet, die sich f\u00fcr das Studium der lebendigen organischen Architektur interessieren, mit den Zielen:<\/p>\n<p>&#8211; Verbreitung und F\u00f6rderung des Wissens \u00fcber die Realit\u00e4t und spezifische Themen lebendiger organischer Architektur und k\u00fcnstlerischer Sprachen, die aus dem Impuls von Rudolf Steiner hervorgegangen sind<br \/>\n&#8211; Erweiterung des Wissens \u00fcber die lebendige organische Architektur durch Studium und Vertiefung ihrer Beziehungen zu Mensch und Umwelt, auch in Bezug auf andere architektonische und k\u00fcnstlerische Ausdrucksformen.<\/p>\n<p>Der Verein will als Bezugs- und Sammelpunkt f\u00fcr diejenigen fungieren, die daran interessiert sind, die Themen der Anthroposophie in der Konkretheit ihres t\u00e4glichen Handelns zu erforschen und anzuwenden, um ihre Grundlagen auch in sehr praktischen Bereichen wie der Architektur neu zu beleben.<br \/>\nDie Gr\u00fcndungsmitglieder, die alle in verschiedenen Funktionen in der Welt der Forschung, des Entwerfens und der Konstruktion architektonischer Werke t\u00e4tig sind und vom Interesse und der Leidenschaft f\u00fcr Anthroposophie bewegt sind, haben beschlossen, gemeinsame Initiativen auf einem Gebiet, dem architektonischen, zu unternehmen Der Impuls Rudolf Steiners wurde oft untersch\u00e4tzt und wenig angewandt, blieb also weitgehend unbekannt. Dar\u00fcber hinaus hat die unkritische Wiederholung von Gesten und Figuren, die aus Steiners Forschung hervorgegangen sind, Gefahr gelaufen, zu einer Art sterilem Formalismus zu f\u00fchren, w\u00e4hrend andererseits eine Kontamination mit den neuen und oft missbrauchten Prinzipien der \u00f6kologischen Nachhaltigkeit zu einer Verarmung des Potentials der organischen Architektur f\u00fchren kann. Die Ausnahmen im italienischen und internationalen Architekturpanorama sind selten, wenn auch vorhanden und \u00e4u\u00dferst interessant. Die Gruppe aus Trento ist daher bewegt von einer Leidenschaft, die zum Willen wird, Steiners k\u00fcnstlerischen Impuls zu studieren, ihn in der aktuellen Situation unserer Zeit neu zu beleben und neu zu interpretieren und ihn in die pers\u00f6nliche berufliche T\u00e4tigkeit einzubringen, auch auf unausgesprochene Weise, damit es Wirklichkeit wird, die spirituell wirkt.<\/p>\n<p>Kontakt: arslineandi@email.it<\/p>\n","protected":false},"excerpt":{"rendered":"<p>Kulturverein \u201eArs Lineandi\u201c Der Verein wurde im Juni 2011 in Trento von einigen Freunden gegr\u00fcndet, die sich f\u00fcr das Studium der lebendigen organischen Architektur interessieren, mit den Zielen: &#8211; Verbreitung und F\u00f6rderung des Wissens \u00fcber die Realit\u00e4t und spezifische Themen lebendiger organischer Architektur und k\u00fcnstlerischer Sprachen, die aus dem Impuls von Rudolf Steiner hervorgegangen sind [&hellip;]<\/p>\n","protected":false},"author":1,"featured_media":0,"parent":0,"menu_order":5,"comment_status":"closed","ping_status":"closed","template":"front-page.php","meta":{"footnotes":""},"class_list":["post-78","page","type-page","status-publish","hentry"],"_links":{"self":[{"href":"https:\/\/m-arc.org\/de\/wp-json\/wp\/v2\/pages\/78","targetHints":{"allow":["GET"]}}],"collection":[{"href":"https:\/\/m-arc.org\/de\/wp-json\/wp\/v2\/pages"}],"about":[{"href":"https:\/\/m-arc.org\/de\/wp-json\/wp\/v2\/types\/page"}],"author":[{"embeddable":true,"href":"https:\/\/m-arc.org\/de\/wp-json\/wp\/v2\/users\/1"}],"replies":[{"embeddable":true,"href":"https:\/\/m-arc.org\/de\/wp-json\/wp\/v2\/comments?post=78"}],"version-history":[{"count":4,"href":"https:\/\/m-arc.org\/de\/wp-json\/wp\/v2\/pages\/78\/revisions"}],"predecessor-version":[{"id":409,"href":"https:\/\/m-arc.org\/de\/wp-json\/wp\/v2\/pages\/78\/revisions\/409"}],"wp:attachment":[{"href":"https:\/\/m-arc.org\/de\/wp-json\/wp\/v2\/media?parent=78"}],"curies":[{"name":"wp","href":"https:\/\/api.w.org\/{rel}","templated":true}]}}