{"id":428,"date":"2023-03-13T00:45:17","date_gmt":"2023-03-12T21:45:17","guid":{"rendered":"https:\/\/m-arc.org\/en\/?page_id=428"},"modified":"2023-09-12T20:10:31","modified_gmt":"2023-09-12T17:10:31","slug":"impressum","status":"publish","type":"page","link":"https:\/\/m-arc.org\/fr\/impressum\/","title":{"rendered":"Impressum"},"content":{"rendered":"<div class=\"pdfprnt-buttons pdfprnt-buttons-page pdfprnt-top-right\"><a href=\"https:\/\/m-arc.org\/fr\/wp-json\/wp\/v2\/pages\/428?print=pdf\" class=\"pdfprnt-button pdfprnt-button-pdf\" target=\"_blank\" ><img decoding=\"async\" src=\"https:\/\/m-arc.org\/wp-content\/plugins\/pdf-print\/images\/pdf.png\" alt=\"image_pdf\" title=\"View PDF\" \/><\/a><a href=\"https:\/\/m-arc.org\/fr\/wp-json\/wp\/v2\/pages\/428?print=print\" class=\"pdfprnt-button pdfprnt-button-print\" target=\"_blank\" ><img decoding=\"async\" src=\"https:\/\/m-arc.org\/wp-content\/plugins\/pdf-print\/images\/print.png\" alt=\"image_print\" title=\"Print Content\" \/><\/a><\/div><p><strong>Stichting International Forum Man and Architecture<\/strong><\/p>\n<p>Drieklinken 71<\/p>\n<p>3972 EC Driebergen<\/p>\n<p>Nederland<\/p>\n<p>t\u00e9l\u00e9phone : +31 (343) 758300<\/p>\n<p>E-Mail: info@m-arc.org<\/p>\n<p>&nbsp;<\/p>\n<h4>Repr\u00e9sentant\/ Conseil d&rsquo;administration<\/h4>\n<p>Prof. Luigi Fiumara, architecte SIA, Italie \/ Ukraine (pr\u00e9sident)<\/p>\n<p>Prof. Pieter van der Ree, Pays-Bas (tr\u00e9sorier)<\/p>\n<p>Dipl. Ing. Martin Riker, Allemagne (secr\u00e9taire)<\/p>\n<p>Dipl. Ing. Dag Erik Christoffer Amundin, Su\u00e9de (membre du conseil d&rsquo;administration)<\/p>\n<p>Dipl. Ing. Imme Denker, Allemagne (membre du conseil d&rsquo;administration)<\/p>\n<p>Dipl. Ing. Rudolf Eschelbacher, France (membre du conseil d&rsquo;administration)<\/p>\n<p>Lothar-Manuel Haasis, architecte RIBA, Royaume Uni (membre du conseil d&rsquo;administration)<\/p>\n<p><strong>&nbsp;<\/strong><\/p>\n<p><strong>Inscription au registre<\/strong><\/p>\n<p>Chambre de commerce\/ Kamer van Koophandel&nbsp; Nr. 41210798 (Niederlande)<\/p>\n<p>&nbsp;<\/p>\n<p><strong>Coordonn\u00e9es bancaires pour les dons<\/strong><\/p>\n<p>IBAN: NL83 INGB 0698 4615 76<\/p>\n<p>&nbsp;<\/p>\n<p><strong>Webmaster<\/strong><\/p>\n<p>Web Factor &#8211; wf.ua<\/p>\n<h4>R\u00e9daction du magazine en ligne m+a<\/h4>\n<p>Dipl-Ing. Norman Schinke<br \/>\nDipl-Ing. Thomas Rad\u00fcnz<br \/>\nProf. Luigi Fiumara, Arch. SIA<br \/>\nDipl-Ing. in Imme Denker<\/p>\n<p>E-Mail: magazine@m-arc.org<\/p>\n<h4>Clause de non-responsabilit\u00e9 :<\/h4>\n<p>Tous les textes, graphiques et images figurant sur m-arc.org sont soumis au copyright du propri\u00e9taire et sont \u00e9ventuellement prot\u00e9g\u00e9s par des droits d&rsquo;auteur suppl\u00e9mentaires d\u00e9tenus par des tiers ; les droits sur les noms de marque et\/ou les logos sont soumis au copyright du propri\u00e9taire des droits respectifs. Aucune partie de cette publication ne peut \u00eatre reproduite, dupliqu\u00e9e ou diffus\u00e9e sous quelque forme que ce soit sans l&rsquo;autorisation \u00e9crite du propri\u00e9taire. Malgr\u00e9 un contr\u00f4le minutieux, aucune responsabilit\u00e9 ne peut \u00eatre assum\u00e9e quant \u00e0 l&rsquo;exactitude des contenus de M-arc.org. Le propri\u00e9taire n&rsquo;est pas responsable de la s\u00e9curit\u00e9 des donn\u00e9es, des informations de toute nature envoy\u00e9es par le biais du site ou par e-mail. En outre, le propri\u00e9taire n&rsquo;est pas responsable des pages auxquelles il est fait r\u00e9f\u00e9rence par des hyperliens.<br \/>\n&nbsp;<\/p>\n<p>La Commission europ\u00e9enne met \u00e0 disposition une plateforme de r\u00e8glement en ligne des litiges (RLL) :<\/p>\n<p>https:\/\/ec.europa.eu\/consumers\/odr\/. Vous trouverez notre adresse e-mail en haut des mentions l\u00e9gales.<\/p>\n<p>R\u00e8glement des litiges de consommation\/organisme de conciliation universel. Nous ne sommes pas pr\u00eats ou oblig\u00e9s de participer \u00e0 des proc\u00e9dures de r\u00e8glement des litiges devant un organisme de conciliation des consommateurs.<br \/>\n&nbsp;<\/p>\n","protected":false},"excerpt":{"rendered":"<p>Stichting International Forum Man and Architecture Drieklinken 71 3972 EC Driebergen Nederland t\u00e9l\u00e9phone : +31 (343) 758300 E-Mail: info@m-arc.org &nbsp; Repr\u00e9sentant\/ Conseil d&rsquo;administration Prof. Luigi Fiumara, architecte SIA, Italie \/ Ukraine (pr\u00e9sident) Prof. Pieter van der Ree, Pays-Bas (tr\u00e9sorier) Dipl. Ing. Martin Riker, Allemagne (secr\u00e9taire) Dipl. Ing. Dag Erik Christoffer Amundin, Su\u00e9de (membre du conseil [&hellip;]<\/p>\n","protected":false},"author":5,"featured_media":0,"parent":0,"menu_order":0,"comment_status":"closed","ping_status":"closed","template":"","meta":{"footnotes":""},"class_list":["post-428","page","type-page","status-publish","hentry"],"_links":{"self":[{"href":"https:\/\/m-arc.org\/fr\/wp-json\/wp\/v2\/pages\/428","targetHints":{"allow":["GET"]}}],"collection":[{"href":"https:\/\/m-arc.org\/fr\/wp-json\/wp\/v2\/pages"}],"about":[{"href":"https:\/\/m-arc.org\/fr\/wp-json\/wp\/v2\/types\/page"}],"author":[{"embeddable":true,"href":"https:\/\/m-arc.org\/fr\/wp-json\/wp\/v2\/users\/5"}],"replies":[{"embeddable":true,"href":"https:\/\/m-arc.org\/fr\/wp-json\/wp\/v2\/comments?post=428"}],"version-history":[{"count":16,"href":"https:\/\/m-arc.org\/fr\/wp-json\/wp\/v2\/pages\/428\/revisions"}],"predecessor-version":[{"id":643,"href":"https:\/\/m-arc.org\/fr\/wp-json\/wp\/v2\/pages\/428\/revisions\/643"}],"wp:attachment":[{"href":"https:\/\/m-arc.org\/fr\/wp-json\/wp\/v2\/media?parent=428"}],"curies":[{"name":"wp","href":"https:\/\/api.w.org\/{rel}","templated":true}]}}