{"id":66,"date":"2022-06-21T21:29:45","date_gmt":"2022-06-21T18:29:45","guid":{"rendered":"http:\/\/m-arc.org\/?page_id=66"},"modified":"2023-09-12T19:54:56","modified_gmt":"2023-09-12T16:54:56","slug":"ifma","status":"publish","type":"page","link":"https:\/\/m-arc.org\/fr\/","title":{"rendered":"IFMA"},"content":{"rendered":"<div class=\"pdfprnt-buttons pdfprnt-buttons-page pdfprnt-top-right\"><a href=\"https:\/\/m-arc.org\/fr\/wp-json\/wp\/v2\/pages\/66?print=pdf\" class=\"pdfprnt-button pdfprnt-button-pdf\" target=\"_blank\"><img decoding=\"async\" src=\"https:\/\/m-arc.org\/wp-content\/plugins\/pdf-print\/images\/pdf.png\" alt=\"image_pdf\" title=\"View PDF\" \/><\/a><a href=\"https:\/\/m-arc.org\/fr\/wp-json\/wp\/v2\/pages\/66?print=print\" class=\"pdfprnt-button pdfprnt-button-print\" target=\"_blank\"><img decoding=\"async\" src=\"https:\/\/m-arc.org\/wp-content\/plugins\/pdf-print\/images\/print.png\" alt=\"image_print\" title=\"Print Content\" \/><\/a><\/div><h3>Introduction \u00e0 l\u2019IFMA<\/h3>\n<p>Le \u00ab\u00a0Forum International Homme et Architecture\u00a0\u00bb (IFMA) a \u00e9t\u00e9 cr\u00e9\u00e9 \u00e0 l&rsquo;initiative d&rsquo;un membre du conseil d&rsquo;administration de la banque I.N.G. \u00e0 Amsterdam en 1991, sous la forme d&rsquo;une fondation aux Pays-Bas et d&rsquo;une association \u00e0 but non lucratif dans d&rsquo;autres pays.<\/p>\n<p>L&rsquo;objectif est la conception \u00ab\u00a0organique\u00a0\u00bb d&rsquo;environnements qui r\u00e9pondent de fa\u00e7on globale aux besoins vari\u00e9s des personnes. Au-del\u00e0 de la satisfaction mat\u00e9rielle de la fonction, le travail de conception devrait \u00eatre d\u00e9termin\u00e9 par les besoins vitaux, psychologiques et spirituels, afin que les b\u00e2timents et les objets favorisent le d\u00e9veloppement des hommes et de la soci\u00e9t\u00e9.<\/p>\n<p>L&rsquo;IFMA ne d\u00e9finit pas de contenus, de styles ou d&rsquo;\u00e9l\u00e9ments de conception, mais se veut un forum ouvert qui<\/p>\n<p>&#8211; stimule, recueille et communique les travaux de recherche sur la cr\u00e9ation et l&rsquo;\u00e9valuation d&rsquo;objets et d\u2019\u00e9difices organiques,<\/p>\n<p>&#8211; permet des discussions entre architectes, designers, artistes et utilisateurs,<\/p>\n<p>&#8211; propose des r\u00e9unions et des s\u00e9minaires pour un \u00e9change ouvert de connaissances et d&rsquo;exp\u00e9riences,<\/p>\n<p>&#8211; organise des expositions et d&rsquo;autres manifestations pour informer le public,<\/p>\n<p>&#8211; s&rsquo;efforce de coop\u00e9rer avec des \u00e9coles, des universit\u00e9s, des associations et d&rsquo;autres institutions.<\/p>\n<p>L&rsquo;adh\u00e9sion \u00e0 l&rsquo;IFMA est ouverte \u00e0 tous ceux qui s&rsquo;int\u00e9ressent \u00e0 une conception holistique et humaine de l&rsquo;environnement.<\/p>\n","protected":false},"excerpt":{"rendered":"<p>Introduction \u00e0 l\u2019IFMA Le \u00ab\u00a0Forum International Homme et Architecture\u00a0\u00bb (IFMA) a \u00e9t\u00e9 cr\u00e9\u00e9 \u00e0 l&rsquo;initiative d&rsquo;un membre du conseil d&rsquo;administration de la banque I.N.G. \u00e0 Amsterdam en 1991, sous la forme d&rsquo;une fondation aux Pays-Bas et d&rsquo;une association \u00e0 but non lucratif dans d&rsquo;autres pays. L&rsquo;objectif est la conception \u00ab\u00a0organique\u00a0\u00bb d&rsquo;environnements qui r\u00e9pondent de fa\u00e7on [&hellip;]<\/p>\n","protected":false},"author":1,"featured_media":0,"parent":0,"menu_order":0,"comment_status":"closed","ping_status":"closed","template":"front-page.php","meta":{"footnotes":""},"class_list":["post-66","page","type-page","status-publish","hentry"],"_links":{"self":[{"href":"https:\/\/m-arc.org\/fr\/wp-json\/wp\/v2\/pages\/66","targetHints":{"allow":["GET"]}}],"collection":[{"href":"https:\/\/m-arc.org\/fr\/wp-json\/wp\/v2\/pages"}],"about":[{"href":"https:\/\/m-arc.org\/fr\/wp-json\/wp\/v2\/types\/page"}],"author":[{"embeddable":true,"href":"https:\/\/m-arc.org\/fr\/wp-json\/wp\/v2\/users\/1"}],"replies":[{"embeddable":true,"href":"https:\/\/m-arc.org\/fr\/wp-json\/wp\/v2\/comments?post=66"}],"version-history":[{"count":14,"href":"https:\/\/m-arc.org\/fr\/wp-json\/wp\/v2\/pages\/66\/revisions"}],"predecessor-version":[{"id":637,"href":"https:\/\/m-arc.org\/fr\/wp-json\/wp\/v2\/pages\/66\/revisions\/637"}],"wp:attachment":[{"href":"https:\/\/m-arc.org\/fr\/wp-json\/wp\/v2\/media?parent=66"}],"curies":[{"name":"wp","href":"https:\/\/api.w.org\/{rel}","templated":true}]}}