{"id":70,"date":"2022-06-21T21:31:58","date_gmt":"2022-06-21T18:31:58","guid":{"rendered":"http:\/\/m-arc.org\/?page_id=70"},"modified":"2023-02-22T19:21:06","modified_gmt":"2023-02-22T16:21:06","slug":"board","status":"publish","type":"page","link":"https:\/\/m-arc.org\/fr\/board\/","title":{"rendered":"Conseil IFMA-International"},"content":{"rendered":"<div class=\"pdfprnt-buttons pdfprnt-buttons-page pdfprnt-top-right\"><a href=\"https:\/\/m-arc.org\/fr\/wp-json\/wp\/v2\/pages\/70?print=pdf\" class=\"pdfprnt-button pdfprnt-button-pdf\" target=\"_blank\" ><img decoding=\"async\" src=\"https:\/\/m-arc.org\/wp-content\/plugins\/pdf-print\/images\/pdf.png\" alt=\"image_pdf\" title=\"View PDF\" \/><\/a><a href=\"https:\/\/m-arc.org\/fr\/wp-json\/wp\/v2\/pages\/70?print=print\" class=\"pdfprnt-button pdfprnt-button-print\" target=\"_blank\" ><img decoding=\"async\" src=\"https:\/\/m-arc.org\/wp-content\/plugins\/pdf-print\/images\/print.png\" alt=\"image_print\" title=\"Print Content\" \/><\/a><\/div><p>Pr\u00e9sident : Prof. Luigi Fiumara, Architecte SIA, Italie \/ Ukraine<\/p>\n<p>Secr\u00e9taire : Dipl. Ing. Martin Riker, Allemagne<\/p>\n<p>Tr\u00e9sorier : Prof. Pieter van der Ree, Pays-Bas<\/p>\n<p>Membre : Dipl. Ing. Dag Erik Christoffer Amundin, Su\u00e8de<\/p>\n<p>Membre : Dipl. Ing. Imme Denker, Allemagne<\/p>\n<p>Membre : Dipl. Ing. Rudolf Eschelbacher, France<\/p>\n<p>Membre : Lothar-Manuel Haasis, Architecte RIBA, Royaume-Uni<\/p>\n","protected":false},"excerpt":{"rendered":"<p>Pr\u00e9sident : Prof. Luigi Fiumara, Architecte SIA, Italie \/ Ukraine Secr\u00e9taire : Dipl. Ing. Martin Riker, Allemagne Tr\u00e9sorier : Prof. Pieter van der Ree, Pays-Bas Membre : Dipl. Ing. Dag Erik Christoffer Amundin, Su\u00e8de Membre : Dipl. Ing. Imme Denker, Allemagne Membre : Dipl. Ing. Rudolf Eschelbacher, France Membre : Lothar-Manuel Haasis, Architecte RIBA, Royaume-Uni<\/p>\n","protected":false},"author":1,"featured_media":0,"parent":0,"menu_order":1,"comment_status":"closed","ping_status":"closed","template":"front-page.php","meta":{"footnotes":""},"class_list":["post-70","page","type-page","status-publish","hentry"],"_links":{"self":[{"href":"https:\/\/m-arc.org\/fr\/wp-json\/wp\/v2\/pages\/70","targetHints":{"allow":["GET"]}}],"collection":[{"href":"https:\/\/m-arc.org\/fr\/wp-json\/wp\/v2\/pages"}],"about":[{"href":"https:\/\/m-arc.org\/fr\/wp-json\/wp\/v2\/types\/page"}],"author":[{"embeddable":true,"href":"https:\/\/m-arc.org\/fr\/wp-json\/wp\/v2\/users\/1"}],"replies":[{"embeddable":true,"href":"https:\/\/m-arc.org\/fr\/wp-json\/wp\/v2\/comments?post=70"}],"version-history":[{"count":6,"href":"https:\/\/m-arc.org\/fr\/wp-json\/wp\/v2\/pages\/70\/revisions"}],"predecessor-version":[{"id":412,"href":"https:\/\/m-arc.org\/fr\/wp-json\/wp\/v2\/pages\/70\/revisions\/412"}],"wp:attachment":[{"href":"https:\/\/m-arc.org\/fr\/wp-json\/wp\/v2\/media?parent=70"}],"curies":[{"name":"wp","href":"https:\/\/api.w.org\/{rel}","templated":true}]}}