{"id":78,"date":"2022-06-21T21:35:26","date_gmt":"2022-06-21T18:35:26","guid":{"rendered":"http:\/\/m-arc.org\/?page_id=78"},"modified":"2023-02-22T19:12:58","modified_gmt":"2023-02-22T16:12:58","slug":"italy","status":"publish","type":"page","link":"https:\/\/m-arc.org\/fr\/italy\/","title":{"rendered":"Italie"},"content":{"rendered":"<div class=\"pdfprnt-buttons pdfprnt-buttons-page pdfprnt-top-right\"><a href=\"https:\/\/m-arc.org\/fr\/wp-json\/wp\/v2\/pages\/78?print=pdf\" class=\"pdfprnt-button pdfprnt-button-pdf\" target=\"_blank\"><img decoding=\"async\" src=\"https:\/\/m-arc.org\/wp-content\/plugins\/pdf-print\/images\/pdf.png\" alt=\"image_pdf\" title=\"View PDF\" \/><\/a><a href=\"https:\/\/m-arc.org\/fr\/wp-json\/wp\/v2\/pages\/78?print=print\" class=\"pdfprnt-button pdfprnt-button-print\" target=\"_blank\"><img decoding=\"async\" src=\"https:\/\/m-arc.org\/wp-content\/plugins\/pdf-print\/images\/print.png\" alt=\"image_print\" title=\"Print Content\" \/><\/a><\/div><h3>Association culturelle \u201eArs Lineandi\u201c<\/h3>\n<p>L&rsquo;association a \u00e9t\u00e9 fond\u00e9e en juin 2011 \u00e0 Trente par des amis int\u00e9ress\u00e9s par l&rsquo;\u00e9tude de l&rsquo;architecture organique vivante&nbsp;dans le but de&nbsp;:<\/p>\n<p>&#8211; diffuser et promouvoir la connaissance de la r\u00e9alit\u00e9 et des th\u00e8mes sp\u00e9cifiques de l&rsquo;architecture organique vivante et des langages artistiques n\u00e9s de l&rsquo;impulse de Rudolf Steiner<br \/>\n&#8211; \u00e9largir la connaissance de l&rsquo;architecture organique vivante en \u00e9tudiant et en approfondissant ses relations avec l&rsquo;homme et l&rsquo;environnement \u00e9galement en relation avec d&rsquo;autres expressions architecturales et artistiques.<\/p>\n<p>L&rsquo;Association veut servir de point de r\u00e9f\u00e9rence et d&rsquo;agr\u00e9gation pour ceux qui s&rsquo;int\u00e9ressent \u00e0 l&rsquo;investigation et \u00e0 l&rsquo;application des th\u00e8mes de l&rsquo;Anthroposophie dans le concret de leurs actions quotidiennes afin de relancer ses fondations m\u00eame dans des questions tr\u00e8s concr\u00e8tes comme l&rsquo;architecture, des questions qui souvent profitez de peu d&rsquo;\u00e9cho et de peu d&rsquo;attention.<br \/>\nLes membres fondateurs, tous engag\u00e9s \u00e0 divers titres dans le monde de la recherche, de la conception et de la construction d&rsquo;\u0153uvres architecturales, ainsi que anim\u00e9s par l&rsquo;int\u00e9r\u00eat et la passion pour l&rsquo;anthroposophie, ont d\u00e9cid\u00e9 d&rsquo;entreprendre des initiatives communes dans un domaine, celui de l&rsquo;architecture, o\u00f9 l&rsquo;impulse de Rudolf Steiner a souvent \u00e9t\u00e9 sous-estim\u00e9e et peu appliqu\u00e9e, restant ainsi essentiellement m\u00e9connue. De plus, la r\u00e9p\u00e9tition non critique des gestes et des figures n\u00e9s des recherches de Steiner a risqu\u00e9 de conduire \u00e0 une sorte de formalisme st\u00e9rile o\u00f9, d&rsquo;autre part, la contamination par les principes nouveaux et souvent abus\u00e9s de l&rsquo;\u00e9cologie peut conduire \u00e0 un appauvrissement du potentiel de l&rsquo;architecture organique. Les exceptions dans le panorama architectural italien et international sont rares, bien que pr\u00e9sentes et d&rsquo;un extr\u00eame int\u00e9r\u00eat. Le groupe de Trente est donc m\u00fb par une passion qui devient la volont\u00e9 d&rsquo;\u00e9tudier l&rsquo;impulse artistique de Steiner, de la relancer et de la r\u00e9interpr\u00e9ter dans la situation actuelle de notre temps et de l&rsquo;int\u00e9grer dans une activit\u00e9 professionnelle personnelle, m\u00eame de mani\u00e8re non d\u00e9clar\u00e9e, afin qu&rsquo;elle devient r\u00e9alit\u00e9 en travaillant spirituellement.<\/p>\n<p>Contact: arslineandi@email.it<\/p>\n","protected":false},"excerpt":{"rendered":"<p>Association culturelle \u201eArs Lineandi\u201c L&rsquo;association a \u00e9t\u00e9 fond\u00e9e en juin 2011 \u00e0 Trente par des amis int\u00e9ress\u00e9s par l&rsquo;\u00e9tude de l&rsquo;architecture organique vivante&nbsp;dans le but de&nbsp;: &#8211; diffuser et promouvoir la connaissance de la r\u00e9alit\u00e9 et des th\u00e8mes sp\u00e9cifiques de l&rsquo;architecture organique vivante et des langages artistiques n\u00e9s de l&rsquo;impulse de Rudolf Steiner &#8211; \u00e9largir [&hellip;]<\/p>\n","protected":false},"author":1,"featured_media":0,"parent":0,"menu_order":5,"comment_status":"closed","ping_status":"closed","template":"front-page.php","meta":{"footnotes":""},"class_list":["post-78","page","type-page","status-publish","hentry"],"_links":{"self":[{"href":"https:\/\/m-arc.org\/fr\/wp-json\/wp\/v2\/pages\/78","targetHints":{"allow":["GET"]}}],"collection":[{"href":"https:\/\/m-arc.org\/fr\/wp-json\/wp\/v2\/pages"}],"about":[{"href":"https:\/\/m-arc.org\/fr\/wp-json\/wp\/v2\/types\/page"}],"author":[{"embeddable":true,"href":"https:\/\/m-arc.org\/fr\/wp-json\/wp\/v2\/users\/1"}],"replies":[{"embeddable":true,"href":"https:\/\/m-arc.org\/fr\/wp-json\/wp\/v2\/comments?post=78"}],"version-history":[{"count":4,"href":"https:\/\/m-arc.org\/fr\/wp-json\/wp\/v2\/pages\/78\/revisions"}],"predecessor-version":[{"id":409,"href":"https:\/\/m-arc.org\/fr\/wp-json\/wp\/v2\/pages\/78\/revisions\/409"}],"wp:attachment":[{"href":"https:\/\/m-arc.org\/fr\/wp-json\/wp\/v2\/media?parent=78"}],"curies":[{"name":"wp","href":"https:\/\/api.w.org\/{rel}","templated":true}]}}